{"id":2456,"date":"2023-07-25T05:19:03","date_gmt":"2023-07-25T03:19:03","guid":{"rendered":"https:\/\/phonicscore.com\/produkte\/"},"modified":"2025-09-22T21:52:48","modified_gmt":"2025-09-22T19:52:48","slug":"produkte","status":"publish","type":"page","link":"https:\/\/phonicscore.com\/de\/produkte\/","title":{"rendered":"Produkte"},"content":{"rendered":"\n<div class=\"wp-block-uagb-container uagb-block-4f2a4d1b alignfull uagb-is-root-container\"><div class=\"uagb-container-inner-blocks-wrap\">\n<div class=\"wp-block-uagb-advanced-heading uagb-block-19470afb\"><h1 class=\"uagb-heading-text\">Unsere Produkte<\/h1><\/div>\n\n\n\n<p>Entdecken Sie unser Portfolio an digitalen Produkten f\u00fcr Musiker:innen und Musikliebhaber:innen.<\/p>\n<\/div><\/div>\n\n<div class=\"wp-block-uagb-container uagb-block-36765bb7 alignfull uagb-is-root-container\"><div class=\"uagb-container-inner-blocks-wrap\">\n<div class=\"wp-block-uagb-container uagb-block-3de92929\">\n<div class=\"wp-block-uagb-container uagb-block-56086ec7\">\n<div class=\"wp-block-uagb-image alignleft uagb-block-ccd53c61 wp-block-uagb-image--layout-default wp-block-uagb-image--effect-static wp-block-uagb-image--align-left\"><figure class=\"wp-block-uagb-image__figure\"><img decoding=\"async\" srcset=\"https:\/\/pswp.fra1.digitaloceanspaces.com\/u\/sites\/483\/20240513155544\/practicebird.png ,https:\/\/pswp.fra1.digitaloceanspaces.com\/u\/sites\/483\/20240513155544\/practicebird.png 780w, https:\/\/pswp.fra1.digitaloceanspaces.com\/u\/sites\/483\/20240513155544\/practicebird.png 360w\" sizes=\"auto, (max-width: 480px) 150px\" src=\"https:\/\/pswp.fra1.digitaloceanspaces.com\/u\/sites\/483\/20240513155544\/practicebird.png\" alt=\"\u00dcbungsvogel-App auf einem iPhone\" class=\"uag-image-1872\" width=\"522\" height=\"350\" title=\"\" loading=\"lazy\" role=\"img\"><\/figure><\/div>\n<\/div>\n\n\n\n<div class=\"wp-block-uagb-container uagb-block-177f3dcc\">\n<div class=\"wp-block-uagb-info-box uagb-block-6ce363d8 uagb-infobox__content-wrap  uagb-infobox-icon-above-title uagb-infobox-image-valign-top wp-block-uagb-info-box--has-margin\"><div class=\"uagb-infobox-margin-wrapper\"><div class=\"uagb-ifb-content\"><div class=\"uagb-ifb-title-wrap\"><h2 class=\"uagb-ifb-title\">Practice Bird<\/h2><\/div><p class=\"uagb-ifb-desc\">Lernen Sie mit Practice Bird, die Musikst\u00fccke und Lieder zu spielen, die Sie lieben. Als Ihr musikalischer Begleiter funktioniert Practice Bird am besten, wenn Sie die Grundlagen Ihres Instruments kennen oder mit einem Lehrer lernen.<br\/><br\/>Practice Bird h\u00f6rt Ihnen beim Spielen zu und unser Instant Pitch Monitor gibt Ihnen mittels fortschrittlichster Audiosignalverarbeitungstechnologie Feedback in Echtzeit.<\/p><\/div><\/div><\/div>\n\n\n\n<div class=\"wp-block-uagb-buttons uagb-buttons__outer-wrap uagb-btn__default-btn uagb-btn-tablet__default-btn uagb-btn-mobile__default-btn uagb-block-1160c5b0\"><div class=\"uagb-buttons__wrap uagb-buttons-layout-wrap \">\n<div class=\"wp-block-uagb-buttons-child uagb-buttons__outer-wrap uagb-block-059db73e wp-block-button\"><div class=\"uagb-button__wrapper\"><a class=\"uagb-buttons-repeater wp-block-button__link\" aria-label=\"\" href=\"https:\/\/practicebird.com\" rel=\"follow noopener\" target=\"_blank\" role=\"button\"><div class=\"uagb-button__link\">Erfahren Sie mehr auf Practicebird.com<\/div><span class=\"uagb-button__icon uagb-button__icon-position-after\"><svg xmlns=\"https:\/\/www.w3.org\/2000\/svg\" viewbox=\"0 0 448 512\" aria-hidden=\"true\" focussable=\"false\"><path d=\"M256 64C256 46.33 270.3 32 288 32H415.1C415.1 32 415.1 32 415.1 32C420.3 32 424.5 32.86 428.2 34.43C431.1 35.98 435.5 38.27 438.6 41.3C438.6 41.35 438.6 41.4 438.7 41.44C444.9 47.66 447.1 55.78 448 63.9C448 63.94 448 63.97 448 64V192C448 209.7 433.7 224 416 224C398.3 224 384 209.7 384 192V141.3L214.6 310.6C202.1 323.1 181.9 323.1 169.4 310.6C156.9 298.1 156.9 277.9 169.4 265.4L338.7 96H288C270.3 96 256 81.67 256 64V64zM0 128C0 92.65 28.65 64 64 64H160C177.7 64 192 78.33 192 96C192 113.7 177.7 128 160 128H64V416H352V320C352 302.3 366.3 288 384 288C401.7 288 416 302.3 416 320V416C416 451.3 387.3 480 352 480H64C28.65 480 0 451.3 0 416V128z\"><\/path><\/svg><\/span><\/a><\/div><\/div>\n<\/div><\/div>\n<\/div>\n<\/div>\n\n\n\n<div class=\"wp-block-uagb-container uagb-block-41519838\">\n<div class=\"wp-block-uagb-container uagb-block-d1c8be61\">\n<div class=\"wp-block-uagb-image alignleft uagb-block-92cbf80d wp-block-uagb-image--layout-default wp-block-uagb-image--effect-static wp-block-uagb-image--align-left\"><figure class=\"wp-block-uagb-image__figure\"><img decoding=\"async\" srcset=\"https:\/\/pswp.fra1.digitaloceanspaces.com\/u\/sites\/483\/20240513145725\/Sawti-learn-to-sing.png ,https:\/\/pswp.fra1.digitaloceanspaces.com\/u\/sites\/483\/20240513145725\/Sawti-learn-to-sing.png 780w, https:\/\/pswp.fra1.digitaloceanspaces.com\/u\/sites\/483\/20240513145725\/Sawti-learn-to-sing.png 360w\" sizes=\"auto, (max-width: 480px) 150px\" src=\"https:\/\/pswp.fra1.digitaloceanspaces.com\/u\/sites\/483\/20240513145725\/Sawti-learn-to-sing.png\" alt=\"Sawti App auf einem iPhone\" class=\"uag-image-1867\" width=\"522\" height=\"350\" title=\"\" loading=\"lazy\" role=\"img\"><\/figure><\/div>\n<\/div>\n\n\n\n<div class=\"wp-block-uagb-container uagb-block-753f7f04\">\n<div class=\"wp-block-uagb-info-box uagb-block-d27021ec uagb-infobox__content-wrap  uagb-infobox-icon-above-title uagb-infobox-image-valign-top wp-block-uagb-info-box--has-margin\"><div class=\"uagb-infobox-margin-wrapper\"><div class=\"uagb-ifb-content\"><div class=\"uagb-ifb-title-wrap\"><h2 class=\"uagb-ifb-title\">Sawti &#8211; Learn to sing!<\/h2><\/div><p class=\"uagb-ifb-desc\">Jeder kann singen lernen und die Noten treffen. Diese App, die auf der Wirth-Methode basiert, zeigt Ihnen wie. Es erwarten Sie spannende und lustige \u00dcbungen auf neun Ebenen. Die ersten vier Stufen sind kostenlos.<br\/><br\/>Mit Sawti werden Sie nicht nur Ihre \u00c4ngste \u00fcberwinden und ein selbstbewusster S\u00e4nger werden, sondern Sie erhalten auch ein Zertifikat, wenn Sie Ihre Lernreise abschlie\u00dfen. Mit der Sawti-App auf Ihrem Smartphone \u00fcben Sie jederzeit und \u00fcberall!<br\/><\/p><\/div><\/div><\/div>\n\n\n\n<div class=\"wp-block-uagb-buttons uagb-buttons__outer-wrap uagb-btn__default-btn uagb-btn-tablet__default-btn uagb-btn-mobile__default-btn uagb-block-11dc66a6\"><div class=\"uagb-buttons__wrap uagb-buttons-layout-wrap \">\n<div class=\"wp-block-uagb-buttons-child uagb-buttons__outer-wrap uagb-block-0a20c39a wp-block-button\"><div class=\"uagb-button__wrapper\"><a class=\"uagb-buttons-repeater wp-block-button__link\" aria-label=\"\" href=\"https:\/\/sawti.app\" rel=\"follow noopener\" target=\"_blank\" role=\"button\"><div class=\"uagb-button__link\">Erfahren Sie mehr auf sawti.app<\/div><span class=\"uagb-button__icon uagb-button__icon-position-after\"><svg xmlns=\"https:\/\/www.w3.org\/2000\/svg\" viewbox=\"0 0 448 512\" aria-hidden=\"true\" focussable=\"false\"><path d=\"M256 64C256 46.33 270.3 32 288 32H415.1C415.1 32 415.1 32 415.1 32C420.3 32 424.5 32.86 428.2 34.43C431.1 35.98 435.5 38.27 438.6 41.3C438.6 41.35 438.6 41.4 438.7 41.44C444.9 47.66 447.1 55.78 448 63.9C448 63.94 448 63.97 448 64V192C448 209.7 433.7 224 416 224C398.3 224 384 209.7 384 192V141.3L214.6 310.6C202.1 323.1 181.9 323.1 169.4 310.6C156.9 298.1 156.9 277.9 169.4 265.4L338.7 96H288C270.3 96 256 81.67 256 64V64zM0 128C0 92.65 28.65 64 64 64H160C177.7 64 192 78.33 192 96C192 113.7 177.7 128 160 128H64V416H352V320C352 302.3 366.3 288 384 288C401.7 288 416 302.3 416 320V416C416 451.3 387.3 480 352 480H64C28.65 480 0 451.3 0 416V128z\"><\/path><\/svg><\/span><\/a><\/div><\/div>\n<\/div><\/div>\n<\/div>\n<\/div>\n<\/div><\/div>\n\n<div class=\"wp-block-uagb-container uagb-block-0l0hgigq alignfull uagb-is-root-container\"><div class=\"uagb-container-inner-blocks-wrap\">\n<div class=\"wp-block-uagb-info-box uagb-block-raos1dhj uagb-infobox__content-wrap  uagb-infobox-icon-above-title uagb-infobox-image-valign-top\"><div class=\"uagb-ifb-content\"><div class=\"uagb-ifb-title-wrap\"><h2 class=\"uagb-ifb-title\">Let&#8217;s Create Together<\/h2><\/div><\/div><\/div>\n\n\n\n<div class=\"wp-block-uagb-container uagb-block-avbo4cub\">\n<div class=\"wp-block-uagb-info-box uagb-block-bneqxqks uagb-infobox__content-wrap  uagb-infobox-icon-above-title uagb-infobox-image-valign-top\"><div class=\"uagb-ifb-content\"><div class=\"uagb-ifb-title-wrap\"><\/div><p class=\"uagb-ifb-desc\">Setzen Sie sich mit uns in Verbindung, damit wir zusammen Ihre Vision in die Realit\u00e4t umsetzen k\u00f6nnen. Gestalten Sie mit uns die Zukunft.<\/p><\/div><\/div>\n\n\n\n<div class=\"wp-block-uagb-buttons uagb-buttons__outer-wrap uagb-btn__default-btn uagb-btn-tablet__default-btn uagb-btn-mobile__default-btn uagb-block-icqgqypy\"><div class=\"uagb-buttons__wrap uagb-buttons-layout-wrap \">\n<div class=\"wp-block-uagb-buttons-child uagb-buttons__outer-wrap uagb-block-ogg9ak4s wp-block-button\"><div class=\"uagb-button__wrapper\"><a class=\"uagb-buttons-repeater wp-block-button__link\" aria-label=\"\" href=\"https:\/\/phonicscore.com\/contact\/\" rel=\"follow noopener\" target=\"_self\" role=\"button\"><div class=\"uagb-button__link\">Kontaktieren Sie uns<\/div><\/a><\/div><\/div>\n<\/div><\/div>\n<\/div>\n<\/div><\/div>\n","protected":false},"excerpt":{"rendered":"<p>Unsere Produkte Entdecken Sie unser Portfolio an digitalen Produkten f\u00fcr Musiker:innen und Musikliebhaber:innen.<\/p>\n","protected":false},"author":1,"featured_media":0,"parent":0,"menu_order":0,"comment_status":"closed","ping_status":"closed","template":"","meta":{"_uag_custom_page_level_css":"","site-sidebar-layout":"default","site-content-layout":"","ast-site-content-layout":"default","site-content-style":"default","site-sidebar-style":"default","ast-global-header-display":"","ast-banner-title-visibility":"","ast-main-header-display":"","ast-hfb-above-header-display":"","ast-hfb-below-header-display":"","ast-hfb-mobile-header-display":"","site-post-title":"disabled","ast-breadcrumbs-content":"","ast-featured-img":"","footer-sml-layout":"","ast-disable-related-posts":"","theme-transparent-header-meta":"","adv-header-id-meta":"","stick-header-meta":"","header-above-stick-meta":"","header-main-stick-meta":"","header-below-stick-meta":"","astra-migrate-meta-layouts":"set","ast-page-background-enabled":"default","ast-page-background-meta":{"desktop":{"background-color":"var(--ast-global-color-4)","background-image":"","background-repeat":"repeat","background-position":"center center","background-size":"auto","background-attachment":"scroll","background-type":"","background-media":"","overlay-type":"","overlay-color":"","overlay-opacity":"","overlay-gradient":""},"tablet":{"background-color":"","background-image":"","background-repeat":"repeat","background-position":"center center","background-size":"auto","background-attachment":"scroll","background-type":"","background-media":"","overlay-type":"","overlay-color":"","overlay-opacity":"","overlay-gradient":""},"mobile":{"background-color":"","background-image":"","background-repeat":"repeat","background-position":"center center","background-size":"auto","background-attachment":"scroll","background-type":"","background-media":"","overlay-type":"","overlay-color":"","overlay-opacity":"","overlay-gradient":""}},"ast-content-background-meta":{"desktop":{"background-color":"var(--ast-global-color-5)","background-image":"","background-repeat":"repeat","background-position":"center center","background-size":"auto","background-attachment":"scroll","background-type":"","background-media":"","overlay-type":"","overlay-color":"","overlay-opacity":"","overlay-gradient":""},"tablet":{"background-color":"var(--ast-global-color-5)","background-image":"","background-repeat":"repeat","background-position":"center center","background-size":"auto","background-attachment":"scroll","background-type":"","background-media":"","overlay-type":"","overlay-color":"","overlay-opacity":"","overlay-gradient":""},"mobile":{"background-color":"var(--ast-global-color-5)","background-image":"","background-repeat":"repeat","background-position":"center center","background-size":"auto","background-attachment":"scroll","background-type":"","background-media":"","overlay-type":"","overlay-color":"","overlay-opacity":"","overlay-gradient":""}},"footnotes":""},"class_list":["post-2456","page","type-page","status-publish","hentry"],"yoast_head":"<!-- This site is optimized with the Yoast SEO plugin v27.3 - https:\/\/yoast.com\/product\/yoast-seo-wordpress\/ -->\n<title>Produkte - PhonicScore<\/title>\n<meta name=\"robots\" content=\"index, follow, max-snippet:-1, max-image-preview:large, max-video-preview:-1\" \/>\n<link rel=\"canonical\" href=\"https:\/\/phonicscore.com\/de\/produkte\/\" \/>\n<meta property=\"og:locale\" content=\"de_DE\" \/>\n<meta property=\"og:type\" content=\"article\" \/>\n<meta property=\"og:title\" content=\"Produkte - PhonicScore\" \/>\n<meta property=\"og:description\" content=\"Unsere Produkte Entdecken Sie unser Portfolio an digitalen Produkten f\u00fcr Musiker:innen und Musikliebhaber:innen.\" \/>\n<meta property=\"og:url\" content=\"https:\/\/phonicscore.com\/de\/produkte\/\" \/>\n<meta property=\"og:site_name\" content=\"PhonicScore\" \/>\n<meta property=\"article:publisher\" content=\"https:\/\/phonicscore.com\/phonicscore\" \/>\n<meta property=\"article:modified_time\" content=\"2025-09-22T19:52:48+00:00\" \/>\n<meta property=\"og:image\" content=\"https:\/\/phonicscore.com\/wp-content\/uploads\/sites\/483\/2024\/05\/practicebird.png\" \/>\n<meta name=\"twitter:card\" content=\"summary_large_image\" \/>\n<meta name=\"twitter:site\" content=\"@phonicscore\" \/>\n<meta name=\"twitter:label1\" content=\"Gesch\u00e4tzte Lesezeit\" \/>\n\t<meta name=\"twitter:data1\" content=\"2\u00a0Minuten\" \/>\n<script type=\"application\/ld+json\" class=\"yoast-schema-graph\">{\"@context\":\"https:\\\/\\\/schema.org\",\"@graph\":[{\"@type\":\"WebPage\",\"@id\":\"https:\\\/\\\/phonicscore.com\\\/de\\\/produkte\\\/\",\"url\":\"https:\\\/\\\/phonicscore.com\\\/de\\\/produkte\\\/\",\"name\":\"Produkte - PhonicScore\",\"isPartOf\":{\"@id\":\"https:\\\/\\\/phonicscore.com\\\/de\\\/#website\"},\"primaryImageOfPage\":{\"@id\":\"https:\\\/\\\/phonicscore.com\\\/de\\\/produkte\\\/#primaryimage\"},\"image\":{\"@id\":\"https:\\\/\\\/phonicscore.com\\\/de\\\/produkte\\\/#primaryimage\"},\"thumbnailUrl\":\"https:\\\/\\\/phonicscore.com\\\/wp-content\\\/uploads\\\/sites\\\/483\\\/2024\\\/05\\\/practicebird.png\",\"datePublished\":\"2023-07-25T03:19:03+00:00\",\"dateModified\":\"2025-09-22T19:52:48+00:00\",\"breadcrumb\":{\"@id\":\"https:\\\/\\\/phonicscore.com\\\/de\\\/produkte\\\/#breadcrumb\"},\"inLanguage\":\"de\",\"potentialAction\":[{\"@type\":\"ReadAction\",\"target\":[\"https:\\\/\\\/phonicscore.com\\\/de\\\/produkte\\\/\"]}]},{\"@type\":\"ImageObject\",\"inLanguage\":\"de\",\"@id\":\"https:\\\/\\\/phonicscore.com\\\/de\\\/produkte\\\/#primaryimage\",\"url\":\"https:\\\/\\\/phonicscore.com\\\/wp-content\\\/uploads\\\/sites\\\/483\\\/2024\\\/05\\\/practicebird.png\",\"contentUrl\":\"https:\\\/\\\/phonicscore.com\\\/wp-content\\\/uploads\\\/sites\\\/483\\\/2024\\\/05\\\/practicebird.png\"},{\"@type\":\"BreadcrumbList\",\"@id\":\"https:\\\/\\\/phonicscore.com\\\/de\\\/produkte\\\/#breadcrumb\",\"itemListElement\":[{\"@type\":\"ListItem\",\"position\":1,\"name\":\"Home\",\"item\":\"https:\\\/\\\/phonicscore.com\\\/de\\\/\"},{\"@type\":\"ListItem\",\"position\":2,\"name\":\"Produkte\"}]},{\"@type\":\"WebSite\",\"@id\":\"https:\\\/\\\/phonicscore.com\\\/de\\\/#website\",\"url\":\"https:\\\/\\\/phonicscore.com\\\/de\\\/\",\"name\":\"PhonicScore - Transform Music Experiences\",\"description\":\"The MusicTech Company from Vienna\",\"publisher\":{\"@id\":\"https:\\\/\\\/phonicscore.com\\\/de\\\/#organization\"},\"potentialAction\":[{\"@type\":\"SearchAction\",\"target\":{\"@type\":\"EntryPoint\",\"urlTemplate\":\"https:\\\/\\\/phonicscore.com\\\/de\\\/?s={search_term_string}\"},\"query-input\":{\"@type\":\"PropertyValueSpecification\",\"valueRequired\":true,\"valueName\":\"search_term_string\"}}],\"inLanguage\":\"de\"},{\"@type\":\"Organization\",\"@id\":\"https:\\\/\\\/phonicscore.com\\\/de\\\/#organization\",\"name\":\"PhonicScore\",\"url\":\"https:\\\/\\\/phonicscore.com\\\/de\\\/\",\"logo\":{\"@type\":\"ImageObject\",\"inLanguage\":\"de\",\"@id\":\"https:\\\/\\\/phonicscore.com\\\/de\\\/#\\\/schema\\\/logo\\\/image\\\/\",\"url\":\"https:\\\/\\\/pswp.fra1.digitaloceanspaces.com\\\/u\\\/sites\\\/483\\\/20240423161247\\\/phonicscore_brown.svg\",\"contentUrl\":\"https:\\\/\\\/pswp.fra1.digitaloceanspaces.com\\\/u\\\/sites\\\/483\\\/20240423161247\\\/phonicscore_brown.svg\",\"width\":1068,\"height\":364,\"caption\":\"PhonicScore\"},\"image\":{\"@id\":\"https:\\\/\\\/phonicscore.com\\\/de\\\/#\\\/schema\\\/logo\\\/image\\\/\"},\"sameAs\":[\"https:\\\/\\\/phonicscore.com\\\/phonicscore\",\"https:\\\/\\\/x.com\\\/phonicscore\",\"https:\\\/\\\/www.linkedin.com\\\/company\\\/phonicscore\\\/\"]}]}<\/script>\n<!-- \/ Yoast SEO plugin. -->","yoast_head_json":{"title":"Produkte - PhonicScore","robots":{"index":"index","follow":"follow","max-snippet":"max-snippet:-1","max-image-preview":"max-image-preview:large","max-video-preview":"max-video-preview:-1"},"canonical":"https:\/\/phonicscore.com\/de\/produkte\/","og_locale":"de_DE","og_type":"article","og_title":"Produkte - PhonicScore","og_description":"Unsere Produkte Entdecken Sie unser Portfolio an digitalen Produkten f\u00fcr Musiker:innen und Musikliebhaber:innen.","og_url":"https:\/\/phonicscore.com\/de\/produkte\/","og_site_name":"PhonicScore","article_publisher":"https:\/\/phonicscore.com\/phonicscore","article_modified_time":"2025-09-22T19:52:48+00:00","og_image":[{"url":"https:\/\/phonicscore.com\/wp-content\/uploads\/sites\/483\/2024\/05\/practicebird.png","type":"","width":"","height":""}],"twitter_card":"summary_large_image","twitter_site":"@phonicscore","twitter_misc":{"Gesch\u00e4tzte Lesezeit":"2\u00a0Minuten"},"schema":{"@context":"https:\/\/schema.org","@graph":[{"@type":"WebPage","@id":"https:\/\/phonicscore.com\/de\/produkte\/","url":"https:\/\/phonicscore.com\/de\/produkte\/","name":"Produkte - PhonicScore","isPartOf":{"@id":"https:\/\/phonicscore.com\/de\/#website"},"primaryImageOfPage":{"@id":"https:\/\/phonicscore.com\/de\/produkte\/#primaryimage"},"image":{"@id":"https:\/\/phonicscore.com\/de\/produkte\/#primaryimage"},"thumbnailUrl":"https:\/\/phonicscore.com\/wp-content\/uploads\/sites\/483\/2024\/05\/practicebird.png","datePublished":"2023-07-25T03:19:03+00:00","dateModified":"2025-09-22T19:52:48+00:00","breadcrumb":{"@id":"https:\/\/phonicscore.com\/de\/produkte\/#breadcrumb"},"inLanguage":"de","potentialAction":[{"@type":"ReadAction","target":["https:\/\/phonicscore.com\/de\/produkte\/"]}]},{"@type":"ImageObject","inLanguage":"de","@id":"https:\/\/phonicscore.com\/de\/produkte\/#primaryimage","url":"https:\/\/phonicscore.com\/wp-content\/uploads\/sites\/483\/2024\/05\/practicebird.png","contentUrl":"https:\/\/phonicscore.com\/wp-content\/uploads\/sites\/483\/2024\/05\/practicebird.png"},{"@type":"BreadcrumbList","@id":"https:\/\/phonicscore.com\/de\/produkte\/#breadcrumb","itemListElement":[{"@type":"ListItem","position":1,"name":"Home","item":"https:\/\/phonicscore.com\/de\/"},{"@type":"ListItem","position":2,"name":"Produkte"}]},{"@type":"WebSite","@id":"https:\/\/phonicscore.com\/de\/#website","url":"https:\/\/phonicscore.com\/de\/","name":"PhonicScore - Transform Music Experiences","description":"The MusicTech Company from Vienna","publisher":{"@id":"https:\/\/phonicscore.com\/de\/#organization"},"potentialAction":[{"@type":"SearchAction","target":{"@type":"EntryPoint","urlTemplate":"https:\/\/phonicscore.com\/de\/?s={search_term_string}"},"query-input":{"@type":"PropertyValueSpecification","valueRequired":true,"valueName":"search_term_string"}}],"inLanguage":"de"},{"@type":"Organization","@id":"https:\/\/phonicscore.com\/de\/#organization","name":"PhonicScore","url":"https:\/\/phonicscore.com\/de\/","logo":{"@type":"ImageObject","inLanguage":"de","@id":"https:\/\/phonicscore.com\/de\/#\/schema\/logo\/image\/","url":"https:\/\/pswp.fra1.digitaloceanspaces.com\/u\/sites\/483\/20240423161247\/phonicscore_brown.svg","contentUrl":"https:\/\/pswp.fra1.digitaloceanspaces.com\/u\/sites\/483\/20240423161247\/phonicscore_brown.svg","width":1068,"height":364,"caption":"PhonicScore"},"image":{"@id":"https:\/\/phonicscore.com\/de\/#\/schema\/logo\/image\/"},"sameAs":["https:\/\/phonicscore.com\/phonicscore","https:\/\/x.com\/phonicscore","https:\/\/www.linkedin.com\/company\/phonicscore\/"]}]}},"spectra_custom_meta":{"site-post-title":["disabled"],"ast-site-content-layout":["default"],"_top_nav_excluded":[""],"_cms_nav_minihome":[""],"_last_translation_edit_mode":["translation-editor"],"_edit_lock":["1718875721:1"],"_uag_custom_page_level_css":[""],"astra-migrate-meta-layouts":["set"],"footnotes":[""],"_edit_last":["1"],"_wpml_media_has_media":["1"],"_wp_page_template":[""],"_yoast_wpseo_content_score":["90"],"_yoast_wpseo_estimated-reading-time-minutes":["2"],"_yoast_wpseo_wordproof_timestamp":[""],"_wpml_media_duplicate":["1"],"_wpml_media_featured":["1"],"amazonS3_cache":["a:4:{s:78:\"\/\/phonicscore.com\/wp-content\/uploads\/sites\/483\/2024\/05\/Sawti-learn-to-sing.png\";a:2:{s:2:\"id\";s:4:\"1867\";s:11:\"source_type\";s:13:\"media-library\";}s:85:\"\/\/pswp.fra1.digitaloceanspaces.com\/u\/sites\/483\/20240513145725\/Sawti-learn-to-sing.png\";a:2:{s:2:\"id\";s:4:\"1867\";s:11:\"source_type\";s:13:\"media-library\";}s:71:\"\/\/phonicscore.com\/wp-content\/uploads\/sites\/483\/2024\/05\/practicebird.png\";a:2:{s:2:\"id\";s:4:\"1872\";s:11:\"source_type\";s:13:\"media-library\";}s:78:\"\/\/pswp.fra1.digitaloceanspaces.com\/u\/sites\/483\/20240513155544\/practicebird.png\";a:2:{s:2:\"id\";s:4:\"1872\";s:11:\"source_type\";s:13:\"media-library\";}}"],"_wpml_word_count":["189"],"_uag_css_file_name":["uag-css-2456.css"],"_uag_js_file_name":["uag-js-2456.js"]},"uagb_featured_image_src":{"full":false,"thumbnail":false,"medium":false,"medium_large":false,"large":false,"1536x1536":false,"2048x2048":false,"gform-image-choice-sm":false,"gform-image-choice-md":false,"gform-image-choice-lg":false},"uagb_author_info":{"display_name":"bukaznik","author_link":"https:\/\/phonicscore.com\/de\/author\/bukaznik\/"},"uagb_comment_info":0,"uagb_excerpt":"Unsere Produkte Entdecken Sie unser Portfolio an digitalen Produkten f\u00fcr Musiker:innen und Musikliebhaber:innen.","_links":{"self":[{"href":"https:\/\/phonicscore.com\/de\/wp-json\/wp\/v2\/pages\/2456","targetHints":{"allow":["GET"]}}],"collection":[{"href":"https:\/\/phonicscore.com\/de\/wp-json\/wp\/v2\/pages"}],"about":[{"href":"https:\/\/phonicscore.com\/de\/wp-json\/wp\/v2\/types\/page"}],"author":[{"embeddable":true,"href":"https:\/\/phonicscore.com\/de\/wp-json\/wp\/v2\/users\/1"}],"replies":[{"embeddable":true,"href":"https:\/\/phonicscore.com\/de\/wp-json\/wp\/v2\/comments?post=2456"}],"version-history":[{"count":7,"href":"https:\/\/phonicscore.com\/de\/wp-json\/wp\/v2\/pages\/2456\/revisions"}],"predecessor-version":[{"id":2620,"href":"https:\/\/phonicscore.com\/de\/wp-json\/wp\/v2\/pages\/2456\/revisions\/2620"}],"wp:attachment":[{"href":"https:\/\/phonicscore.com\/de\/wp-json\/wp\/v2\/media?parent=2456"}],"curies":[{"name":"wp","href":"https:\/\/api.w.org\/{rel}","templated":true}]}}